{"id":448711,"date":"2022-11-08T15:08:47","date_gmt":"2022-11-08T14:08:47","guid":{"rendered":"https:\/\/raramuri.co\/?post_type=product&#038;p=448711"},"modified":"2025-10-24T02:14:53","modified_gmt":"2025-10-24T00:14:53","slug":"noa-rose","status":"publish","type":"product","link":"https:\/\/raramuri.co\/fr\/product\/noa-rose\/","title":{"rendered":"Noa Rose"},"content":{"rendered":"<p><i class=\"fas fa-gift\" aria-hidden=\"true\"><\/i>Livraison gratuite dans l'UE<br \/>\n<i class=\"fas fa-sync-alt\" aria-hidden=\"true\"><\/i>30 jours d'\u00e9change gratuit<br \/>\nFabriqu\u00e9 \u00e0 la main de mani\u00e8re \u00e9thique en Espagne<br \/>\nCuir de ma\u00efs v\u00e9g\u00e9talien<\/p>\n<div class=\"product__variants__color\"><\/div>","protected":false},"excerpt":{"rendered":"<p>Free EU shipping 30 days free exchange Ethically handmade in Spain Vegan corn leather<\/p>","protected":false},"featured_media":448748,"template":"","meta":{"_acf_changed":false},"product_brand":[],"product_cat":[674],"product_tag":[645,638],"giftcard-category":[],"class_list":{"0":"post-448711","1":"product","2":"type-product","3":"status-publish","4":"has-post-thumbnail","6":"product_cat-boots","7":"product_tag-feed","8":"product_tag-sandals","10":"first","11":"instock","12":"sale","13":"taxable","14":"shipping-taxable","15":"purchasable","16":"product-type-variable","17":"has-default-attributes"},"acf":[],"_links":{"self":[{"href":"https:\/\/raramuri.co\/fr\/wp-json\/wp\/v2\/product\/448711","targetHints":{"allow":["GET"]}}],"collection":[{"href":"https:\/\/raramuri.co\/fr\/wp-json\/wp\/v2\/product"}],"about":[{"href":"https:\/\/raramuri.co\/fr\/wp-json\/wp\/v2\/types\/product"}],"wp:featuredmedia":[{"embeddable":true,"href":"https:\/\/raramuri.co\/fr\/wp-json\/wp\/v2\/media\/448748"}],"wp:attachment":[{"href":"https:\/\/raramuri.co\/fr\/wp-json\/wp\/v2\/media?parent=448711"}],"wp:term":[{"taxonomy":"product_brand","embeddable":true,"href":"https:\/\/raramuri.co\/fr\/wp-json\/wp\/v2\/product_brand?post=448711"},{"taxonomy":"product_cat","embeddable":true,"href":"https:\/\/raramuri.co\/fr\/wp-json\/wp\/v2\/product_cat?post=448711"},{"taxonomy":"product_tag","embeddable":true,"href":"https:\/\/raramuri.co\/fr\/wp-json\/wp\/v2\/product_tag?post=448711"},{"taxonomy":"giftcard-category","embeddable":true,"href":"https:\/\/raramuri.co\/fr\/wp-json\/wp\/v2\/giftcard-category?post=448711"}],"curies":[{"name":"wp","href":"https:\/\/api.w.org\/{rel}","templated":true}]}}