{"id":430149,"date":"2021-06-14T09:15:34","date_gmt":"2021-06-14T07:15:34","guid":{"rendered":"https:\/\/raramuri.co\/?post_type=product&#038;p=430149"},"modified":"2025-05-01T15:28:06","modified_gmt":"2025-05-01T13:28:06","slug":"ek-ribbons-nl","status":"publish","type":"product","link":"https:\/\/raramuri.co\/fr\/product\/ek-ribbons-nl\/","title":{"rendered":"EK ribbons Netherlands"},"content":{"rendered":"<p>Vous n'\u00eates peut-\u00eatre pas le plus grand fan de football en ce moment, mais cela pourrait changer bient\u00f4t... Parce que nous avons un paquet de rubans EK Pays-Bas pour vous !<br \/>\n3 jolis rubans pour le prix d'1 \ud83e\udd29 Portez-les tous ensemble, nouez-les comme vous le souhaitez (conseil : le tress\u00e9 est super joli) &amp; lorsque l'EK est termin\u00e9e, vous pouvez porter chaque ruban s\u00e9par\u00e9ment.<\/p>","protected":false},"excerpt":{"rendered":"<p>You might not be the biggest soccer fan right now, but that might change soon.. Because we&#8217;ve got a Netherlands EK ribbon package for you! 3 pretty ribbons for the price of 1 \ud83e\udd29 Wear them all together, tie them however you like (tip: braided is super pretty) &amp; when the EK is over, you [&hellip;]<\/p>\n","protected":false},"featured_media":430011,"template":"","meta":{"_acf_changed":false},"product_brand":[],"product_cat":[144,631],"product_tag":[644],"giftcard-category":[],"class_list":{"0":"post-430149","1":"product","2":"type-product","3":"status-publish","4":"has-post-thumbnail","6":"product_cat-bundles","7":"product_cat-ribbons-only","8":"product_tag-ek-ribbons","10":"first","11":"instock","12":"taxable","13":"shipping-taxable","14":"purchasable","15":"product-type-simple"},"acf":[],"_links":{"self":[{"href":"https:\/\/raramuri.co\/fr\/wp-json\/wp\/v2\/product\/430149","targetHints":{"allow":["GET"]}}],"collection":[{"href":"https:\/\/raramuri.co\/fr\/wp-json\/wp\/v2\/product"}],"about":[{"href":"https:\/\/raramuri.co\/fr\/wp-json\/wp\/v2\/types\/product"}],"wp:featuredmedia":[{"embeddable":true,"href":"https:\/\/raramuri.co\/fr\/wp-json\/wp\/v2\/media\/430011"}],"wp:attachment":[{"href":"https:\/\/raramuri.co\/fr\/wp-json\/wp\/v2\/media?parent=430149"}],"wp:term":[{"taxonomy":"product_brand","embeddable":true,"href":"https:\/\/raramuri.co\/fr\/wp-json\/wp\/v2\/product_brand?post=430149"},{"taxonomy":"product_cat","embeddable":true,"href":"https:\/\/raramuri.co\/fr\/wp-json\/wp\/v2\/product_cat?post=430149"},{"taxonomy":"product_tag","embeddable":true,"href":"https:\/\/raramuri.co\/fr\/wp-json\/wp\/v2\/product_tag?post=430149"},{"taxonomy":"giftcard-category","embeddable":true,"href":"https:\/\/raramuri.co\/fr\/wp-json\/wp\/v2\/giftcard-category?post=430149"}],"curies":[{"name":"wp","href":"https:\/\/api.w.org\/{rel}","templated":true}]}}