{"id":4288,"date":"2021-01-25T16:33:50","date_gmt":"2021-01-25T15:33:50","guid":{"rendered":"https:\/\/raramuri.co\/?post_type=product&#038;p=4288"},"modified":"2026-02-27T09:26:40","modified_gmt":"2026-02-27T08:26:40","slug":"cheque-cadeau","status":"publish","type":"product","link":"https:\/\/raramuri.co\/fr\/product\/gift-card\/","title":{"rendered":"Ch\u00e8que-cadeau"},"content":{"rendered":"<p>Vous ne savez pas quoi acheter pour quelqu'un de sp\u00e9cial ? Ne cherchez plus et choisissez un cadeau qui fera plaisir \u00e0 coup s\u00fbr. Notre carte-cadeau inspir\u00e9e d'un voyage sera envoy\u00e9e directement \u00e0 votre adresse \u00e9lectronique et comprendra un code-cadeau unique \u00e0 saisir lors du paiement.<\/p>","protected":false},"excerpt":{"rendered":"<p>Vous ne savez pas quoi acheter pour quelqu'un de sp\u00e9cial ? Ne cherchez plus et choisissez un cadeau qui fera plaisir \u00e0 coup s\u00fbr. Notre carte-cadeau inspir\u00e9e d'un voyage sera envoy\u00e9e directement \u00e0 votre adresse \u00e9lectronique et comprendra un code-cadeau unique \u00e0 saisir lors du paiement.<\/p>","protected":false},"featured_media":5343,"template":"","meta":{"_acf_changed":false},"product_brand":[],"product_cat":[52],"product_tag":[],"giftcard-category":[],"class_list":{"0":"post-4288","1":"product","2":"type-product","3":"status-publish","4":"has-post-thumbnail","6":"product_cat-gift-card","8":"first","9":"outofstock","10":"virtual","11":"taxable","12":"purchasable","13":"product-type-gift-card"},"acf":[],"_links":{"self":[{"href":"https:\/\/raramuri.co\/fr\/wp-json\/wp\/v2\/product\/4288","targetHints":{"allow":["GET"]}}],"collection":[{"href":"https:\/\/raramuri.co\/fr\/wp-json\/wp\/v2\/product"}],"about":[{"href":"https:\/\/raramuri.co\/fr\/wp-json\/wp\/v2\/types\/product"}],"wp:featuredmedia":[{"embeddable":true,"href":"https:\/\/raramuri.co\/fr\/wp-json\/wp\/v2\/media\/5343"}],"wp:attachment":[{"href":"https:\/\/raramuri.co\/fr\/wp-json\/wp\/v2\/media?parent=4288"}],"wp:term":[{"taxonomy":"product_brand","embeddable":true,"href":"https:\/\/raramuri.co\/fr\/wp-json\/wp\/v2\/product_brand?post=4288"},{"taxonomy":"product_cat","embeddable":true,"href":"https:\/\/raramuri.co\/fr\/wp-json\/wp\/v2\/product_cat?post=4288"},{"taxonomy":"product_tag","embeddable":true,"href":"https:\/\/raramuri.co\/fr\/wp-json\/wp\/v2\/product_tag?post=4288"},{"taxonomy":"giftcard-category","embeddable":true,"href":"https:\/\/raramuri.co\/fr\/wp-json\/wp\/v2\/giftcard-category?post=4288"}],"curies":[{"name":"wp","href":"https:\/\/api.w.org\/{rel}","templated":true}]}}