{"id":424814,"date":"2021-03-10T16:32:22","date_gmt":"2021-03-10T15:32:22","guid":{"rendered":"https:\/\/raramuri.co\/?post_type=product&#038;p=424814"},"modified":"2026-04-11T17:04:31","modified_gmt":"2026-04-11T15:04:31","slug":"velvet-ribbons","status":"publish","type":"product","link":"https:\/\/raramuri.co\/fr\/product\/velvet-ribbons\/","title":{"rendered":"Velvet ribbons"},"content":{"rendered":"<p>Doux, chatoyant et \u00e9l\u00e9gant. Que pourriez-vous souhaiter de plus ? Ces rubans en velours ajoutent du luxe \u00e0 vos sandales. Tous les rubans sont fabriqu\u00e9s \u00e0 la main en Belgique par l'entreprise sociale Kunnig.<\/p>","protected":false},"excerpt":{"rendered":"<p>Doux, chatoyant et \u00e9l\u00e9gant. Que pourriez-vous souhaiter de plus ? Ces rubans en velours ajoutent du luxe \u00e0 vos sandales. Tous les rubans sont fabriqu\u00e9s \u00e0 la main en Belgique par l'entreprise sociale Kunnig.<\/p>","protected":false},"featured_media":424809,"template":"","meta":{"_acf_changed":false},"product_brand":[],"product_cat":[39,634],"product_tag":[],"giftcard-category":[],"class_list":{"0":"post-424814","1":"product","2":"type-product","3":"status-publish","4":"has-post-thumbnail","6":"product_cat-ribbons","7":"product_cat-velvet","9":"first","10":"instock","11":"sale","12":"taxable","13":"shipping-taxable","14":"purchasable","15":"product-type-variable","16":"has-default-attributes"},"acf":[],"_links":{"self":[{"href":"https:\/\/raramuri.co\/fr\/wp-json\/wp\/v2\/product\/424814","targetHints":{"allow":["GET"]}}],"collection":[{"href":"https:\/\/raramuri.co\/fr\/wp-json\/wp\/v2\/product"}],"about":[{"href":"https:\/\/raramuri.co\/fr\/wp-json\/wp\/v2\/types\/product"}],"wp:featuredmedia":[{"embeddable":true,"href":"https:\/\/raramuri.co\/fr\/wp-json\/wp\/v2\/media\/424809"}],"wp:attachment":[{"href":"https:\/\/raramuri.co\/fr\/wp-json\/wp\/v2\/media?parent=424814"}],"wp:term":[{"taxonomy":"product_brand","embeddable":true,"href":"https:\/\/raramuri.co\/fr\/wp-json\/wp\/v2\/product_brand?post=424814"},{"taxonomy":"product_cat","embeddable":true,"href":"https:\/\/raramuri.co\/fr\/wp-json\/wp\/v2\/product_cat?post=424814"},{"taxonomy":"product_tag","embeddable":true,"href":"https:\/\/raramuri.co\/fr\/wp-json\/wp\/v2\/product_tag?post=424814"},{"taxonomy":"giftcard-category","embeddable":true,"href":"https:\/\/raramuri.co\/fr\/wp-json\/wp\/v2\/giftcard-category?post=424814"}],"curies":[{"name":"wp","href":"https:\/\/api.w.org\/{rel}","templated":true}]}}