{"id":2130,"date":"2020-12-19T15:30:54","date_gmt":"2020-12-19T14:30:54","guid":{"rendered":"https:\/\/raramuri.co\/?post_type=product&#038;p=2130"},"modified":"2026-03-12T20:39:51","modified_gmt":"2026-03-12T19:39:51","slug":"elegance-rubans","status":"publish","type":"product","link":"https:\/\/raramuri.co\/fr\/product\/elegance-ribbons\/","title":{"rendered":"Rubans Elegance"},"content":{"rendered":"<p>\u00c9l\u00e9gant, avec de belles couleurs et impressions et termin\u00e9 par des points de bordure de haute qualit\u00e9. Le tout est fabriqu\u00e9 \u00e0 la main dans un atelier social en Belgique.<\/p>","protected":false},"excerpt":{"rendered":"<p>\u00c9l\u00e9gant, avec de belles couleurs et impressions et termin\u00e9 par des points de bordure de haute qualit\u00e9. Le tout est fabriqu\u00e9 \u00e0 la main dans un atelier social en Belgique.<\/p>","protected":false},"featured_media":3680,"template":"","meta":{"_acf_changed":false},"product_brand":[],"product_cat":[45,39],"product_tag":[],"giftcard-category":[],"class_list":{"0":"post-2130","1":"product","2":"type-product","3":"status-publish","4":"has-post-thumbnail","6":"product_cat-elegance","7":"product_cat-ribbons","9":"first","10":"instock","11":"taxable","12":"shipping-taxable","13":"purchasable","14":"product-type-variable","15":"has-default-attributes"},"acf":[],"_links":{"self":[{"href":"https:\/\/raramuri.co\/fr\/wp-json\/wp\/v2\/product\/2130","targetHints":{"allow":["GET"]}}],"collection":[{"href":"https:\/\/raramuri.co\/fr\/wp-json\/wp\/v2\/product"}],"about":[{"href":"https:\/\/raramuri.co\/fr\/wp-json\/wp\/v2\/types\/product"}],"wp:featuredmedia":[{"embeddable":true,"href":"https:\/\/raramuri.co\/fr\/wp-json\/wp\/v2\/media\/3680"}],"wp:attachment":[{"href":"https:\/\/raramuri.co\/fr\/wp-json\/wp\/v2\/media?parent=2130"}],"wp:term":[{"taxonomy":"product_brand","embeddable":true,"href":"https:\/\/raramuri.co\/fr\/wp-json\/wp\/v2\/product_brand?post=2130"},{"taxonomy":"product_cat","embeddable":true,"href":"https:\/\/raramuri.co\/fr\/wp-json\/wp\/v2\/product_cat?post=2130"},{"taxonomy":"product_tag","embeddable":true,"href":"https:\/\/raramuri.co\/fr\/wp-json\/wp\/v2\/product_tag?post=2130"},{"taxonomy":"giftcard-category","embeddable":true,"href":"https:\/\/raramuri.co\/fr\/wp-json\/wp\/v2\/giftcard-category?post=2130"}],"curies":[{"name":"wp","href":"https:\/\/api.w.org\/{rel}","templated":true}]}}