{"id":1744,"date":"2020-12-17T12:27:50","date_gmt":"2020-12-17T11:27:50","guid":{"rendered":"https:\/\/raramuri.co\/product\/import-placeholder-for-422623\/"},"modified":"2026-02-22T12:24:20","modified_gmt":"2026-02-22T11:24:20","slug":"spray-protecteur","status":"publish","type":"product","link":"https:\/\/raramuri.co\/fr\/product\/protector-spray\/","title":{"rendered":"Spray protecteur"},"content":{"rendered":"<p>Vous souhaitez prolonger la dur\u00e9e de vie de vos sandales Rar\u00e1muri ? Alors traitez-les avec ce spray protecteur. Car vos sandales ne m\u00e9ritent que le meilleur !<\/p>\n<p>Le spray nano protecteur est pr\u00e9-test\u00e9 et approuv\u00e9 &amp; a une capacit\u00e9 de 300 ml. Il peut \u00eatre utilis\u00e9 pour toutes les sandales et slides, \u00e0 l'exception des sandales Cruz, Chil\u00f3n et Camila.<\/p>","protected":false},"excerpt":{"rendered":"<p>Would you like to extend the life of your Rar\u00e1muri sandals? Then treat them with this protector spray. Because your sandals only deserve the best! The nano protector spray is pre-tested and approved &amp; has a capacity of 300 ml. It can be used for\u00a0all sandals and slides, except for the Cruz, Chil\u00f3n and Camila [&hellip;]<\/p>\n","protected":false},"featured_media":427479,"template":"","meta":{"_acf_changed":false},"product_brand":[],"product_cat":[40],"product_tag":[],"giftcard-category":[],"class_list":{"0":"post-1744","1":"product","2":"type-product","3":"status-publish","4":"has-post-thumbnail","6":"product_cat-accessories","8":"first","9":"instock","10":"taxable","11":"shipping-taxable","12":"purchasable","13":"product-type-simple"},"acf":[],"_links":{"self":[{"href":"https:\/\/raramuri.co\/fr\/wp-json\/wp\/v2\/product\/1744","targetHints":{"allow":["GET"]}}],"collection":[{"href":"https:\/\/raramuri.co\/fr\/wp-json\/wp\/v2\/product"}],"about":[{"href":"https:\/\/raramuri.co\/fr\/wp-json\/wp\/v2\/types\/product"}],"wp:featuredmedia":[{"embeddable":true,"href":"https:\/\/raramuri.co\/fr\/wp-json\/wp\/v2\/media\/427479"}],"wp:attachment":[{"href":"https:\/\/raramuri.co\/fr\/wp-json\/wp\/v2\/media?parent=1744"}],"wp:term":[{"taxonomy":"product_brand","embeddable":true,"href":"https:\/\/raramuri.co\/fr\/wp-json\/wp\/v2\/product_brand?post=1744"},{"taxonomy":"product_cat","embeddable":true,"href":"https:\/\/raramuri.co\/fr\/wp-json\/wp\/v2\/product_cat?post=1744"},{"taxonomy":"product_tag","embeddable":true,"href":"https:\/\/raramuri.co\/fr\/wp-json\/wp\/v2\/product_tag?post=1744"},{"taxonomy":"giftcard-category","embeddable":true,"href":"https:\/\/raramuri.co\/fr\/wp-json\/wp\/v2\/giftcard-category?post=1744"}],"curies":[{"name":"wp","href":"https:\/\/api.w.org\/{rel}","templated":true}]}}