{"id":813,"date":"2020-12-10T16:16:49","date_gmt":"2020-12-10T15:16:49","guid":{"rendered":"https:\/\/raramuri.co\/?page_id=813"},"modified":"2022-03-17T10:10:52","modified_gmt":"2022-03-17T09:10:52","slug":"politique-de-confidentialite-2-2","status":"publish","type":"page","link":"https:\/\/raramuri.co\/fr\/privacy-policy\/","title":{"rendered":"Politique de confidentialit\u00e9"},"content":{"rendered":"<div data-elementor-type=\"wp-page\" data-elementor-id=\"813\" class=\"elementor elementor-813\" data-elementor-post-type=\"page\">\n\t\t\t\t\t\t<section class=\"elementor-section elementor-top-section elementor-element elementor-element-6337479 elementor-section-boxed elementor-section-height-default elementor-section-height-default\" data-id=\"6337479\" data-element_type=\"section\" data-e-type=\"section\" data-settings=\"{&quot;background_background&quot;:&quot;classic&quot;}\">\n\t\t\t\t\t\t<div class=\"elementor-container elementor-column-gap-default\">\n\t\t\t\t\t<div class=\"elementor-column elementor-col-100 elementor-top-column elementor-element elementor-element-4fad4b7\" data-id=\"4fad4b7\" data-element_type=\"column\" data-e-type=\"column\">\n\t\t\t<div class=\"elementor-widget-wrap elementor-element-populated\">\n\t\t\t\t\t\t<div class=\"elementor-element elementor-element-6e59c88 elementor-widget elementor-widget-heading\" data-id=\"6e59c88\" data-element_type=\"widget\" data-e-type=\"widget\" data-widget_type=\"heading.default\">\n\t\t\t\t<div class=\"elementor-widget-container\">\n\t\t\t\t\t<h1 class=\"elementor-heading-title elementor-size-default\">Politique de confidentialit\u00e9<\/h1>\t\t\t\t<\/div>\n\t\t\t\t<\/div>\n\t\t\t\t\t<\/div>\n\t\t<\/div>\n\t\t\t\t\t<\/div>\n\t\t<\/section>\n\t\t\t\t<section class=\"elementor-section elementor-top-section elementor-element elementor-element-9342915 elementor-section-boxed elementor-section-height-default elementor-section-height-default\" data-id=\"9342915\" data-element_type=\"section\" data-e-type=\"section\">\n\t\t\t\t\t\t<div class=\"elementor-container elementor-column-gap-default\">\n\t\t\t\t\t<div class=\"elementor-column elementor-col-100 elementor-top-column elementor-element elementor-element-7c40aec\" data-id=\"7c40aec\" data-element_type=\"column\" data-e-type=\"column\">\n\t\t\t<div class=\"elementor-widget-wrap elementor-element-populated\">\n\t\t\t\t\t\t<div class=\"elementor-element elementor-element-8f0c9ba elementor-widget elementor-widget-text-editor\" data-id=\"8f0c9ba\" data-element_type=\"widget\" data-e-type=\"widget\" data-widget_type=\"text-editor.default\">\n\t\t\t\t<div class=\"elementor-widget-container\">\n\t\t\t\t\t\t\t\t\t<p>Ceci est la politique de confidentialit\u00e9 de Rar\u00e1muri Sandals, qui fait partie de Van Riet Design BVBA. Cette politique expliquera quelles donn\u00e9es nous recueillons, comment nous les recueillons et \u00e0 quelles fins Rar\u00e1muri Sandals entend les utiliser. Les informations personnelles que nous traitons seront prot\u00e9g\u00e9es et trait\u00e9es avec le plus grand soin. Le traitement des donn\u00e9es personnelles est effectu\u00e9 conform\u00e9ment \u00e0 la loi sur la protection des donn\u00e9es personnelles.<\/p><p><strong>Donn\u00e9es collect\u00e9es et finalit\u00e9s du traitement<\/strong><\/p><p>En utilisant nos services, vous nous laissez certaines donn\u00e9es. Il peut s'agir de donn\u00e9es NAW, d'adresses \u00e9lectroniques, de num\u00e9ros de t\u00e9l\u00e9phone et\/ou de d\u00e9tails de paiement. Rar\u00e1muri Sandals recueille et traite les donn\u00e9es personnelles aux fins suivantes :<\/p><ol><li>Pour ex\u00e9cuter l'accord<\/li><li>Pour vous informer sur l'\u00e9tat de votre commande<\/li><li>Prot\u00e9ger le site web et ses technologies associ\u00e9es.<\/li><\/ol><p>Les donn\u00e9es personnelles ne seront pas communiqu\u00e9es \u00e0 des tiers, sauf si Rar\u00e1muri Sandals a une obligation l\u00e9gale ou r\u00e9glementaire.<\/p><p><strong>Utilisation des cookies<\/strong><\/p><p>Les cookies sont de simples petits fichiers texte qui sont enregistr\u00e9s sur le disque dur ou sur la m\u00e9moire de votre ordinateur. Ces cookies ne peuvent pas endommager d'autres fichiers ou votre ordinateur lui-m\u00eame. Gr\u00e2ce \u00e0 ces cookies, il est possible pour une page web de sauvegarder vos donn\u00e9es personnelles afin que vous n'ayez pas \u00e0 saisir ces donn\u00e9es \u00e0 votre sujet \u00e0 plusieurs reprises. Par exemple, Rar\u00e1muri Sandals utilise des cookies pour se souvenir des produits que vous avez mis dans le \"panier\". La plupart des navigateurs peuvent \u00eatre configur\u00e9s de mani\u00e8re \u00e0 ce que les cookies ne soient pas accept\u00e9s et\/ou que vous soyez averti lorsque vous en recevez un.<\/p><p><strong>Boutons de m\u00e9dias sociaux<\/strong><\/p><p>Sur le site web de Rar\u00e1muri Sandals, vous trouverez des boutons de m\u00e9dias sociaux. Au moyen de ces boutons, les administrateurs des services recueilleront vos donn\u00e9es personnelles.<\/p><p><strong>D\u00e9lais de conservation<\/strong><\/p><div><span lang=\"EN-US\">Rar\u00e1muri Sandals ne conserve pas les donn\u00e9es personnelles plus longtemps qu'il n'est n\u00e9cessaire pour atteindre les objectifs pour lesquels elles sont collect\u00e9es.\u00a0<\/span><\/div><p><strong><br \/>S\u00e9curit\u00e9<\/strong><\/p><p>Rar\u00e1muri Sandals a pris les mesures techniques et organisationnelles appropri\u00e9es pour prot\u00e9ger vos donn\u00e9es personnelles contre la perte ou toute forme de traitement ill\u00e9gal.<\/p><p><strong>Sites web de tiers<\/strong><\/p><p>Cette politique de confidentialit\u00e9 ne s'applique pas aux sites web d'autres personnes qui sont connect\u00e9s au site web de Rar\u00e1muri Sandals au moyen d'hyperliens. Rar\u00e1muri Sandals ne peut pas garantir que d'autres personnes traiteront les donn\u00e9es personnelles de mani\u00e8re fiable et s\u00fbre.<\/p><p><strong>Acc\u00e8s, correction et droit d'opposition<\/strong><\/p><p>Vous pouvez demander l'acc\u00e8s \u00e0 vos donn\u00e9es personnelles et vous pouvez modifier vos donn\u00e9es lorsqu'elles sont incorrectes, incompl\u00e8tes ou non pertinentes. En outre, vous pouvez nous informer lorsque vous ne souhaitez pas \u00eatre contact\u00e9 pour obtenir des informations sur nos produits et\/ou services. Dans tous les cas, vous pouvez envoyer un courrier \u00e9lectronique \u00e0 l'adresse suivante <a href=\"mailto:info@raramurisandals.com\">info@raramurisandals.com<\/a> ou utilisez l'adresse suivante :<\/p><p>Rar\u00e1muri Sandals<br \/>Liersesteenweg 84<br \/>2520 Emblem, BELGIQUE<\/p><p><strong>Modifications<\/strong><\/p><p>Rar\u00e1muri Sandals continue de d\u00e9velopper et d'optimiser ses services. En cons\u00e9quence, la politique de confidentialit\u00e9 peut \u00eatre ajust\u00e9e de temps en temps. Rar\u00e1muri Sandals vous conseille de consulter r\u00e9guli\u00e8rement cette politique de confidentialit\u00e9.<\/p><p><strong>Questions<\/strong><\/p><p>Vous pouvez toujours nous poser toute question sur cette politique de confidentialit\u00e9 en envoyant un e-mail \u00e0 info@raramurisandals.com.<\/p>\t\t\t\t\t\t\t\t<\/div>\n\t\t\t\t<\/div>\n\t\t\t\t\t<\/div>\n\t\t<\/div>\n\t\t\t\t\t<\/div>\n\t\t<\/section>\n\t\t\t\t<\/div>","protected":false},"excerpt":{"rendered":"<p>This is the privacy policy of Rar\u00e1muri Sandals part of Van Riet Design BVBA. This policy will explain which data we collect, how we collect this data and for what purposes Rar\u00e1muri Sandals means to use this. The personal information that we process will be protected and handled with most carefulness. Processing the personal data [&hellip;]<\/p>\n","protected":false},"author":1,"featured_media":0,"parent":0,"menu_order":14,"comment_status":"closed","ping_status":"closed","template":"elementor_header_footer","meta":{"_acf_changed":false,"footnotes":""},"class_list":["post-813","page","type-page","status-publish","hentry"],"acf":[],"_links":{"self":[{"href":"https:\/\/raramuri.co\/fr\/wp-json\/wp\/v2\/pages\/813","targetHints":{"allow":["GET"]}}],"collection":[{"href":"https:\/\/raramuri.co\/fr\/wp-json\/wp\/v2\/pages"}],"about":[{"href":"https:\/\/raramuri.co\/fr\/wp-json\/wp\/v2\/types\/page"}],"author":[{"embeddable":true,"href":"https:\/\/raramuri.co\/fr\/wp-json\/wp\/v2\/users\/1"}],"replies":[{"embeddable":true,"href":"https:\/\/raramuri.co\/fr\/wp-json\/wp\/v2\/comments?post=813"}],"version-history":[{"count":0,"href":"https:\/\/raramuri.co\/fr\/wp-json\/wp\/v2\/pages\/813\/revisions"}],"wp:attachment":[{"href":"https:\/\/raramuri.co\/fr\/wp-json\/wp\/v2\/media?parent=813"}],"curies":[{"name":"wp","href":"https:\/\/api.w.org\/{rel}","templated":true}]}}