{"id":811,"date":"2020-12-10T16:16:29","date_gmt":"2020-12-10T15:16:29","guid":{"rendered":"https:\/\/raramuri.co\/?page_id=811"},"modified":"2022-03-17T10:10:34","modified_gmt":"2022-03-17T09:10:34","slug":"disclaimer","status":"publish","type":"page","link":"https:\/\/raramuri.co\/fr\/disclaimer\/","title":{"rendered":"Disclaimer"},"content":{"rendered":"<div data-elementor-type=\"wp-page\" data-elementor-id=\"811\" class=\"elementor elementor-811\" data-elementor-post-type=\"page\">\n\t\t\t\t\t\t<section class=\"elementor-section elementor-top-section elementor-element elementor-element-cfad1d6 elementor-section-boxed elementor-section-height-default elementor-section-height-default\" data-id=\"cfad1d6\" data-element_type=\"section\" data-e-type=\"section\" data-settings=\"{&quot;background_background&quot;:&quot;classic&quot;}\">\n\t\t\t\t\t\t<div class=\"elementor-container elementor-column-gap-default\">\n\t\t\t\t\t<div class=\"elementor-column elementor-col-100 elementor-top-column elementor-element elementor-element-caae70e\" data-id=\"caae70e\" data-element_type=\"column\" data-e-type=\"column\">\n\t\t\t<div class=\"elementor-widget-wrap elementor-element-populated\">\n\t\t\t\t\t\t<div class=\"elementor-element elementor-element-2bd8f61 elementor-widget elementor-widget-heading\" data-id=\"2bd8f61\" data-element_type=\"widget\" data-e-type=\"widget\" data-widget_type=\"heading.default\">\n\t\t\t\t<div class=\"elementor-widget-container\">\n\t\t\t\t\t<h1 class=\"elementor-heading-title elementor-size-default\">Disclaimer<\/h1>\t\t\t\t<\/div>\n\t\t\t\t<\/div>\n\t\t\t\t\t<\/div>\n\t\t<\/div>\n\t\t\t\t\t<\/div>\n\t\t<\/section>\n\t\t\t\t<section class=\"elementor-section elementor-top-section elementor-element elementor-element-e3a0c43 elementor-section-boxed elementor-section-height-default elementor-section-height-default\" data-id=\"e3a0c43\" data-element_type=\"section\" data-e-type=\"section\">\n\t\t\t\t\t\t<div class=\"elementor-container elementor-column-gap-default\">\n\t\t\t\t\t<div class=\"elementor-column elementor-col-100 elementor-top-column elementor-element elementor-element-942790e\" data-id=\"942790e\" data-element_type=\"column\" data-e-type=\"column\">\n\t\t\t<div class=\"elementor-widget-wrap elementor-element-populated\">\n\t\t\t\t\t\t<div class=\"elementor-element elementor-element-64adcf2 elementor-widget elementor-widget-text-editor\" data-id=\"64adcf2\" data-element_type=\"widget\" data-e-type=\"widget\" data-widget_type=\"text-editor.default\">\n\t\t\t\t<div class=\"elementor-widget-container\">\n\t\t\t\t\t\t\t\t\t<p>Rar\u00e1muri Sandals, qui fait partie de Van Riet Design BVBA, vous donne acc\u00e8s \u00e0 www.raramurisandals.com (ci-apr\u00e8s : le site web) et fait conna\u00eetre les textes, images, produits et autres mat\u00e9riels sur le site web.\u00a0Rar\u00e1muri Sandals se r\u00e9serve le droit de modifier le contenu du site web \u00e0 tout moment et\/ou de supprimer des \u00e9l\u00e9ments sans vous en informer.<\/p><p>Rar\u00e1muri Sandals s'efforce d'actualiser et\/ou d'amplifier le contenu du site, mais ne s'engage pas \u00e0 cet \u00e9gard. Les informations contenues sur le site web vous seront propos\u00e9es sans aucune forme de garantie ou de revendication d'exactitude, en particulier, tous les prix figurant sur le site web sont sujets \u00e0 des erreurs \u00e9videntes de frappe et de programmation. Rar\u00e1muri Sandals n'est pas responsable des cons\u00e9quences de telles erreurs. Il n'y aura pas d'accord bas\u00e9 sur de telles erreurs.<\/p><p>Rar\u00e1muri Sandals n'est pas responsable des dommages de toute nature, qui sont caus\u00e9s par l'utilisation (des informations sur) le site Web. En outre, Rar\u00e1muri Sandals n'est pas responsable de l'indisponibilit\u00e9 du site web \u00e0 la suite d'un dysfonctionnement. De m\u00eame, Rar\u00e1muri Sandals n'est pas responsable des dysfonctionnements des r\u00e9seaux d'autres personnes par le biais desquels l'acc\u00e8s au site web est obtenu.\u00a0Bien que Rar\u00e1muri Sandals s'efforce de pr\u00e9venir les abus, Rar\u00e1muri Sandals n'est pas responsable des informations et\/ou des messages qui sont \u00e9crits par les utilisateurs du site web et qui sont plac\u00e9s sur le site web.\u00a0<\/p><p>Rar\u00e1muri Sandals n'effectue pas de contr\u00f4le ou de supervision \u00e9ditoriale sur le site web, mais les plaintes seront prises tr\u00e8s au s\u00e9rieux et, le cas \u00e9ch\u00e9ant, Rar\u00e1muri Sandals interviendra. \u00a0\u00a0<\/p><p>Le site web contient des hyperliens vers des sites web d'autres personnes. Rar\u00e1muri Sandals n'est pas responsable du contenu de ces sites. Rar\u00e1muri Sandals n'est pas responsable des hyperliens vers des sites web ou des services d'autres personnes qui sont plac\u00e9s sur le site web.\u00a0<\/p><p>La conclusion de Rar\u00e1muri Sandals exclut toute fiabilit\u00e9 pour tout dommage direct ou indirect, de quelque nature que ce soit, qui pourrait survenir ou se connecter de quelque mani\u00e8re que ce soit avec le site web.<\/p><p>The website and all its aspects, with exception to any hyperlinks to third parties, are owned by Rar\u00e1muri Sandals All intellectual property rights concerning the website and all its aspects, acquiesce in Rar\u00e1muri Sandals, for as long these rights are not to be deposited the third party. Without any permission from Rar\u00e1muri Sandals in written form, it is not permitted to publish, reveal, duplicate, save or sale the website or any content of the website in any form available.<\/p><p>Pour toute autre question relative \u00e0 cette clause de non-responsabilit\u00e9, veuillez contacter Rar\u00e1muri Sandals.<\/p>\t\t\t\t\t\t\t\t<\/div>\n\t\t\t\t<\/div>\n\t\t\t\t\t<\/div>\n\t\t<\/div>\n\t\t\t\t\t<\/div>\n\t\t<\/section>\n\t\t\t\t<\/div>","protected":false},"excerpt":{"rendered":"<p>Disclaimer Rar\u00e1muri Sandals part of Van Riet Design BVBA grants you access to www.raramurisandals.com (hereafter: the Website) and publicizes texts, images, products and other materials on the Website.\u00a0Rar\u00e1muri Sandals maintains law for adjusting the content on the Website at any time and\/or to remove items without letting you know. Rar\u00e1muri Sandals makes efforts to actualize [&hellip;]<\/p>\n","protected":false},"author":1,"featured_media":0,"parent":0,"menu_order":13,"comment_status":"closed","ping_status":"closed","template":"elementor_header_footer","meta":{"_acf_changed":false,"footnotes":""},"class_list":["post-811","page","type-page","status-publish","hentry"],"acf":[],"_links":{"self":[{"href":"https:\/\/raramuri.co\/fr\/wp-json\/wp\/v2\/pages\/811","targetHints":{"allow":["GET"]}}],"collection":[{"href":"https:\/\/raramuri.co\/fr\/wp-json\/wp\/v2\/pages"}],"about":[{"href":"https:\/\/raramuri.co\/fr\/wp-json\/wp\/v2\/types\/page"}],"author":[{"embeddable":true,"href":"https:\/\/raramuri.co\/fr\/wp-json\/wp\/v2\/users\/1"}],"replies":[{"embeddable":true,"href":"https:\/\/raramuri.co\/fr\/wp-json\/wp\/v2\/comments?post=811"}],"version-history":[{"count":0,"href":"https:\/\/raramuri.co\/fr\/wp-json\/wp\/v2\/pages\/811\/revisions"}],"wp:attachment":[{"href":"https:\/\/raramuri.co\/fr\/wp-json\/wp\/v2\/media?parent=811"}],"curies":[{"name":"wp","href":"https:\/\/api.w.org\/{rel}","templated":true}]}}