{"id":811,"date":"2020-12-10T16:16:29","date_gmt":"2020-12-10T15:16:29","guid":{"rendered":"https:\/\/raramuri.co\/?page_id=811"},"modified":"2022-03-17T10:10:34","modified_gmt":"2022-03-17T09:10:34","slug":"disclaimer","status":"publish","type":"page","link":"https:\/\/raramuri.co\/en\/disclaimer\/","title":{"rendered":"Disclaimer"},"content":{"rendered":"\t\t<div data-elementor-type=\"wp-page\" data-elementor-id=\"811\" class=\"elementor elementor-811\" data-elementor-post-type=\"page\">\n\t\t\t\t\t\t<section class=\"elementor-section elementor-top-section elementor-element elementor-element-cfad1d6 elementor-section-boxed elementor-section-height-default elementor-section-height-default\" data-id=\"cfad1d6\" data-element_type=\"section\" data-e-type=\"section\" data-settings=\"{&quot;background_background&quot;:&quot;classic&quot;}\">\n\t\t\t\t\t\t<div class=\"elementor-container elementor-column-gap-default\">\n\t\t\t\t\t<div class=\"elementor-column elementor-col-100 elementor-top-column elementor-element elementor-element-caae70e\" data-id=\"caae70e\" data-element_type=\"column\" data-e-type=\"column\">\n\t\t\t<div class=\"elementor-widget-wrap elementor-element-populated\">\n\t\t\t\t\t\t<div class=\"elementor-element elementor-element-2bd8f61 elementor-widget elementor-widget-heading\" data-id=\"2bd8f61\" data-element_type=\"widget\" data-e-type=\"widget\" data-widget_type=\"heading.default\">\n\t\t\t\t<div class=\"elementor-widget-container\">\n\t\t\t\t\t<h1 class=\"elementor-heading-title elementor-size-default\">Disclaimer<\/h1>\t\t\t\t<\/div>\n\t\t\t\t<\/div>\n\t\t\t\t\t<\/div>\n\t\t<\/div>\n\t\t\t\t\t<\/div>\n\t\t<\/section>\n\t\t\t\t<section class=\"elementor-section elementor-top-section elementor-element elementor-element-e3a0c43 elementor-section-boxed elementor-section-height-default elementor-section-height-default\" data-id=\"e3a0c43\" data-element_type=\"section\" data-e-type=\"section\">\n\t\t\t\t\t\t<div class=\"elementor-container elementor-column-gap-default\">\n\t\t\t\t\t<div class=\"elementor-column elementor-col-100 elementor-top-column elementor-element elementor-element-942790e\" data-id=\"942790e\" data-element_type=\"column\" data-e-type=\"column\">\n\t\t\t<div class=\"elementor-widget-wrap elementor-element-populated\">\n\t\t\t\t\t\t<div class=\"elementor-element elementor-element-64adcf2 elementor-widget elementor-widget-text-editor\" data-id=\"64adcf2\" data-element_type=\"widget\" data-e-type=\"widget\" data-widget_type=\"text-editor.default\">\n\t\t\t\t<div class=\"elementor-widget-container\">\n\t\t\t\t\t\t\t\t\t<p>Rar\u00e1muri Sandals part of Van Riet Design BVBA grants you access to www.raramurisandals.com (hereafter: the Website) and publicizes texts, images, products and other materials on the Website.\u00a0Rar\u00e1muri Sandals maintains law for adjusting the content on the Website at any time and\/or to remove items without letting you know.<\/p><p>Rar\u00e1muri Sandals makes efforts to actualize and\/or amplify the content of the Website, but has no commitment here for. The information on the Website will be offered to you without any form of guarantee for or claim to correctness.In particular, all prices on the Website are subject of obvious typing and programming errors. Rar\u00e1muri Sandals is not liable for consequences of such errors. There will be no agreement based on such errors.<\/p><p>Rar\u00e1muri Sandals is not liable for damage of any kind, which is caused by the use of (information on) the Website. Besides that, Rar\u00e1muri Sandals is not liable for the unavailability of the Website as a result of a malfunction. Also, Rar\u00e1muri Sandals is not liable for malfunctions of networks of others by means of which the access for the Website is obtained.\u00a0While Rar\u00e1muri Sandals makes effort to prevent abuse, Rar\u00e1muri Sandals is not liable for information and\/or messages which are written by users of the Website and are placed on the Website.\u00a0<\/p><p>Rar\u00e1muri Sandals does not perform editorial control or supervision on the Website, but complaints will be taken very seriously and when appropriate, Rar\u00e1muri Sandals will intervene. \u00a0\u00a0<\/p><p>The Website contains hyperlinks to websites of others. Rar\u00e1muri Sandals is not liable for the content of these websites. For the hyperlinks to websites or services of others which are placed on the Website, Rar\u00e1muri Sandals is not liable.\u00a0<\/p><p>Concluding Rar\u00e1muri Sandals rules out all reliability to any direct or in-direct damage, of any kind, which may emerge out or connects in any way with the website.<\/p><p>The website and all its aspects, with exception to any hyperlinks to third parties, are owned by Rar\u00e1muri Sandals All intellectual property rights concerning the website and all its aspects, acquiesce in Rar\u00e1muri Sandals, for as long these rights are not to be deposited the third party. Without any permission from Rar\u00e1muri Sandals in written form, it is not permitted to publish, reveal, duplicate, save or sale the website or any content of the website in any form available.<\/p><p>For any further questions related tot his disclaimer, please contact Rar\u00e1muri Sandals.<\/p>\t\t\t\t\t\t\t\t<\/div>\n\t\t\t\t<\/div>\n\t\t\t\t\t<\/div>\n\t\t<\/div>\n\t\t\t\t\t<\/div>\n\t\t<\/section>\n\t\t\t\t<\/div>\n\t\t","protected":false},"excerpt":{"rendered":"<p>Disclaimer Rar\u00e1muri Sandals part of Van Riet Design BVBA grants you access to www.raramurisandals.com (hereafter: the Website) and publicizes texts, images, products and other materials on the Website.\u00a0Rar\u00e1muri Sandals maintains law for adjusting the content on the Website at any time and\/or to remove items without letting you know. Rar\u00e1muri Sandals makes efforts to actualize [&hellip;]<\/p>\n","protected":false},"author":1,"featured_media":0,"parent":0,"menu_order":13,"comment_status":"closed","ping_status":"closed","template":"elementor_header_footer","meta":{"_acf_changed":false,"footnotes":""},"class_list":["post-811","page","type-page","status-publish","hentry"],"acf":[],"_links":{"self":[{"href":"https:\/\/raramuri.co\/en\/wp-json\/wp\/v2\/pages\/811","targetHints":{"allow":["GET"]}}],"collection":[{"href":"https:\/\/raramuri.co\/en\/wp-json\/wp\/v2\/pages"}],"about":[{"href":"https:\/\/raramuri.co\/en\/wp-json\/wp\/v2\/types\/page"}],"author":[{"embeddable":true,"href":"https:\/\/raramuri.co\/en\/wp-json\/wp\/v2\/users\/1"}],"replies":[{"embeddable":true,"href":"https:\/\/raramuri.co\/en\/wp-json\/wp\/v2\/comments?post=811"}],"version-history":[{"count":0,"href":"https:\/\/raramuri.co\/en\/wp-json\/wp\/v2\/pages\/811\/revisions"}],"wp:attachment":[{"href":"https:\/\/raramuri.co\/en\/wp-json\/wp\/v2\/media?parent=811"}],"curies":[{"name":"wp","href":"https:\/\/api.w.org\/{rel}","templated":true}]}}